{"id":97,"date":"2018-08-10T08:09:51","date_gmt":"2018-08-10T06:09:51","guid":{"rendered":"https:\/\/lxiweb.fr\/index.php\/contact-page\/"},"modified":"2023-08-22T19:47:25","modified_gmt":"2023-08-22T17:47:25","slug":"contact-page","status":"publish","type":"page","link":"https:\/\/lxiweb.fr\/index.php\/contact-page\/","title":{"rendered":"Et si on se contactait ?"},"content":{"rendered":"\t\t<div data-elementor-type=\"wp-post\" data-elementor-id=\"97\" class=\"elementor elementor-97\">\n\t\t\t\t\t\t<section class=\"elementor-section elementor-top-section elementor-element elementor-element-c3cf900 elementor-section-content-top elementor-section-boxed elementor-section-height-default elementor-section-height-default\" data-id=\"c3cf900\" data-element_type=\"section\">\n\t\t\t\t\t\t<div class=\"elementor-container elementor-column-gap-default\">\n\t\t\t\t\t<div class=\"aux-parallax-section elementor-column elementor-col-50 elementor-top-column elementor-element elementor-element-6b70dc9\" data-id=\"6b70dc9\" data-element_type=\"column\">\n\t\t\t<div class=\"elementor-widget-wrap elementor-element-populated\">\n\t\t\t\t\t\t<div class=\"elementor-element elementor-element-8e73bc8 aux-appear-watch-animation aux-fade-in-up elementor-widget elementor-widget-aux_modern_heading\" data-id=\"8e73bc8\" data-element_type=\"widget\" data-widget_type=\"aux_modern_heading.default\">\n\t\t\t\t<div class=\"elementor-widget-container\">\n\t\t\t<section class=\"aux-widget-modern-heading\">\n            <div class=\"aux-widget-inner\"><h5 class=\"aux-modern-heading-primary\"><\/h5><h3 class=\"aux-modern-heading-secondary\"><span class=\"aux-head-before\">N'h\u00e9sitez pas \u00e0<\/span><\/h3><\/div>\n        <\/section>\t\t<\/div>\n\t\t\t\t<\/div>\n\t\t\t\t<div class=\"elementor-element elementor-element-fa2f974 aux-appear-watch-animation aux-fade-in-up elementor-widget elementor-widget-aux_modern_heading\" data-id=\"fa2f974\" data-element_type=\"widget\" data-widget_type=\"aux_modern_heading.default\">\n\t\t\t\t<div class=\"elementor-widget-container\">\n\t\t\t<section class=\"aux-widget-modern-heading\">\n            <div class=\"aux-widget-inner\"><h2 class=\"aux-modern-heading-primary\"><\/h2><h3 class=\"aux-modern-heading-secondary\"><span class=\"aux-head-highlight\">m'\u00e9crire<\/span><\/h3><\/div>\n        <\/section>\t\t<\/div>\n\t\t\t\t<\/div>\n\t\t\t\t<div class=\"elementor-element elementor-element-501593d aux-appear-watch-animation aux-fade-in-right-1 elementor-widget elementor-widget-text-editor\" data-id=\"501593d\" data-element_type=\"widget\" data-widget_type=\"text-editor.default\">\n\t\t\t\t<div class=\"elementor-widget-container\">\n\t\t\t\t\t\t\t<div class=\"aux-bus2-title-divider\">\u00a0<\/div>\t\t\t\t\t\t<\/div>\n\t\t\t\t<\/div>\n\t\t\t\t<div class=\"elementor-element elementor-element-2b84e61 aux-appear-watch-animation aux-fade-in-up elementor-widget elementor-widget-text-editor\" data-id=\"2b84e61\" data-element_type=\"widget\" data-widget_type=\"text-editor.default\">\n\t\t\t\t<div class=\"elementor-widget-container\">\n\t\t\t\t\t\t\t<p>Si vous souhaitez en savoir plus sur mes services, mes projets ou mon parcours professionnel, je vous invite \u00e0 me contacter. Je serai ravie de r\u00e9pondre \u00e0 toutes vos questions et de vous fournir des informations suppl\u00e9mentaires.<\/p><p>N&rsquo;h\u00e9sitez pas \u00e0 me contacter par e-mail ou par t\u00e9l\u00e9phone &#8211; j&rsquo;ai h\u00e2te de vous lire.<\/p>\t\t\t\t\t\t<\/div>\n\t\t\t\t<\/div>\n\t\t\t\t\t<\/div>\n\t\t<\/div>\n\t\t\t\t<div class=\"aux-parallax-section elementor-column elementor-col-50 elementor-top-column elementor-element elementor-element-60bd87b\" data-id=\"60bd87b\" data-element_type=\"column\">\n\t\t\t<div class=\"elementor-widget-wrap elementor-element-populated\">\n\t\t\t\t\t\t<div class=\"elementor-element elementor-element-0753379 aux-appear-watch-animation aux-fade-in-up elementor-widget elementor-widget-aux_modern_heading\" data-id=\"0753379\" data-element_type=\"widget\" data-widget_type=\"aux_modern_heading.default\">\n\t\t\t\t<div class=\"elementor-widget-container\">\n\t\t\t<section class=\"aux-widget-modern-heading\">\n            <div class=\"aux-widget-inner\"><h5 class=\"aux-modern-heading-primary\">Par ici les infos\n<\/h5><\/div>\n        <\/section>\t\t<\/div>\n\t\t\t\t<\/div>\n\t\t\t\t<div class=\"elementor-element elementor-element-9a6758d aux-appear-watch-animation aux-fade-in-up elementor-widget elementor-widget-aux_contact_form\" data-id=\"9a6758d\" data-element_type=\"widget\" data-widget_type=\"aux_contact_form.default\">\n\t\t\t\t<div class=\"elementor-widget-container\">\n\t\t\t<section class=\"widget-container aux-widget-contact-form aux-parent-au1bfeee30\">            <div class=\"aux-col-wrapper aux-no-gutter\">\n            <!-- @TODO - The output for element here -->\n\n            \n<div class=\"wpcf7 no-js\" id=\"wpcf7-f236-o1\" lang=\"fr-FR\" dir=\"ltr\">\n<div class=\"screen-reader-response\"><p role=\"status\" aria-live=\"polite\" aria-atomic=\"true\"><\/p> <ul><\/ul><\/div>\n<form action=\"\/index.php\/wp-json\/wp\/v2\/pages\/97#wpcf7-f236-o1\" method=\"post\" class=\"wpcf7-form init\" aria-label=\"Formulaire de contact\" novalidate=\"novalidate\" data-status=\"init\">\n<div style=\"display: none;\">\n<input type=\"hidden\" name=\"_wpcf7\" value=\"236\" \/>\n<input type=\"hidden\" name=\"_wpcf7_version\" value=\"5.8\" \/>\n<input type=\"hidden\" name=\"_wpcf7_locale\" value=\"fr_FR\" \/>\n<input type=\"hidden\" name=\"_wpcf7_unit_tag\" value=\"wpcf7-f236-o1\" \/>\n<input type=\"hidden\" name=\"_wpcf7_container_post\" value=\"0\" \/>\n<input type=\"hidden\" name=\"_wpcf7_posted_data_hash\" value=\"\" \/>\n<\/div>\n<p><label> Votre nom<br \/>\n<span class=\"wpcf7-form-control-wrap\" data-name=\"your-name\"><input size=\"40\" class=\"wpcf7-form-control wpcf7-text wpcf7-validates-as-required\" autocomplete=\"name\" aria-required=\"true\" aria-invalid=\"false\" value=\"\" type=\"text\" name=\"your-name\" \/><\/span> <\/label>\n<\/p>\n<p><label> Votre e-mail<br \/>\n<span class=\"wpcf7-form-control-wrap\" data-name=\"your-email\"><input size=\"40\" class=\"wpcf7-form-control wpcf7-email wpcf7-validates-as-required wpcf7-text wpcf7-validates-as-email\" autocomplete=\"email\" aria-required=\"true\" aria-invalid=\"false\" placeholder=\"travaillons@ensemble.com\" value=\"\" type=\"email\" name=\"your-email\" \/><\/span> <\/label>\n<\/p>\n<p><label> Votre num\u00e9ro de t\u00e9l\u00e9phone<br \/>\n<span class=\"wpcf7-form-control-wrap\" data-name=\"tel-775\"><input size=\"40\" class=\"wpcf7-form-control wpcf7-tel wpcf7-validates-as-required wpcf7-text wpcf7-validates-as-tel tel-cf7\" id=\"tel-cf7\" aria-required=\"true\" aria-invalid=\"false\" placeholder=\"02 31 02 31 02\" value=\"\" type=\"tel\" name=\"tel-775\" \/><\/span><\/label>\n<\/p>\n<p><label> Votre demande<br \/>\n<span class=\"wpcf7-form-control-wrap\" data-name=\"menu-704\"><select class=\"wpcf7-form-control wpcf7-select wpcf7-validates-as-required cf7-drop-down-menu\" id=\"cf7-drop-down-menu\" aria-required=\"true\" aria-invalid=\"false\" name=\"menu-704\"><option value=\"Je souhaite un devis graphisme (logo, foyers...)\">Je souhaite un devis graphisme (logo, foyers...)<\/option><option value=\"Je souhaite un devis site web (cr\u00e9ation, refonte, traduction...)\">Je souhaite un devis site web (cr\u00e9ation, refonte, traduction...)<\/option><option value=\"Je souhaite un devis gestion administrative\">Je souhaite un devis gestion administrative<\/option><option value=\"Autre... ?\">Autre... ?<\/option><\/select><\/span> <\/label>\n<\/p>\n<p><label> Votre message (facultatif)<br \/>\n<span class=\"wpcf7-form-control-wrap\" data-name=\"your-message\"><textarea cols=\"40\" rows=\"10\" class=\"wpcf7-form-control wpcf7-textarea\" aria-invalid=\"false\" name=\"your-message\"><\/textarea><\/span> <\/label>\n<\/p>\n<p><input class=\"wpcf7-form-control wpcf7-submit has-spinner\" type=\"submit\" value=\"Envoyer\" \/>\n<\/p><p style=\"display: none !important;\"><label>&#916;<textarea name=\"_wpcf7_ak_hp_textarea\" cols=\"45\" rows=\"8\" maxlength=\"100\"><\/textarea><\/label><input type=\"hidden\" id=\"ak_js_1\" name=\"_wpcf7_ak_js\" value=\"133\"\/><script>document.getElementById( \"ak_js_1\" ).setAttribute( \"value\", ( new Date() ).getTime() );<\/script><\/p><div class=\"wpcf7-response-output\" aria-hidden=\"true\"><\/div>\n<\/form>\n<\/div>\n\n\n            <\/div><!-- aux-col-wrapper -->\n    <\/section><!-- widget-container -->\t\t<\/div>\n\t\t\t\t<\/div>\n\t\t\t\t\t<\/div>\n\t\t<\/div>\n\t\t\t\t\t<\/div>\n\t\t<\/section>\n\t\t\t\t<section class=\"elementor-section elementor-top-section elementor-element elementor-element-864e80f elementor-section-boxed elementor-section-height-default elementor-section-height-default\" data-id=\"864e80f\" data-element_type=\"section\">\n\t\t\t\t\t\t<div class=\"elementor-container elementor-column-gap-extended\">\n\t\t\t\t\t<div class=\"aux-parallax-section elementor-column elementor-col-33 elementor-top-column elementor-element elementor-element-2b75984 aux-appear-watch-animation aux-fade-in-right-1\" data-id=\"2b75984\" data-element_type=\"column\">\n\t\t\t<div class=\"elementor-widget-wrap elementor-element-populated\">\n\t\t\t\t\t\t<div class=\"elementor-element elementor-element-3e22aa9 elementor-widget elementor-widget-aux_text\" data-id=\"3e22aa9\" data-element_type=\"widget\" data-widget_type=\"aux_text.default\">\n\t\t\t\t<div class=\"elementor-widget-container\">\n\t\t\t<section class=\"widget-container aux-widget-text aux-parent-aude3a58d5\">        <div class=\"aux-widget-advanced-text aux-wrap-style-simple aux-ico-pos-left aux-text-left aux-text-resp- aux-text-color-dark aux-text-widget-bg-center  aux-text-padding-fix \" >\n        \n                            <div class=\"aux-text-widget-header \"  >\n                        <div class=\"aux-ico-box aux-ico-large aux-ico-shape-circle aux-ico-clear \">\n                                                            <span class=\"aux-ico auxicon-map-pin\" > <\/span>\n                                                    <\/div>\n                <\/div>\n            \n            <div class=\"aux-text-inner aux-text-widget-content\">\n                                <h4 class=\"col-title\">LOCALISATION :<\/h4>\n                                <div class=\"widget-content\">\n                                        <p>Je peux me d\u00e9placer partout et \u00e9galement travailler \u00e0 distance<\/p>                <\/div>\n                            <\/div>\n        <\/div>\n                    <div class=\"aux-text-widget-footer\">\n                <div class=\"aux-border-shape-none \">\n                                <\/div>\n            <\/div>\n        \n<\/section><!-- widget-container -->\t\t<\/div>\n\t\t\t\t<\/div>\n\t\t\t\t\t<\/div>\n\t\t<\/div>\n\t\t\t\t<div class=\"aux-parallax-section elementor-column elementor-col-33 elementor-top-column elementor-element elementor-element-dc9de6b aux-appear-watch-animation aux-fade-in-right-1\" data-id=\"dc9de6b\" data-element_type=\"column\">\n\t\t\t<div class=\"elementor-widget-wrap elementor-element-populated\">\n\t\t\t\t\t\t<div class=\"elementor-element elementor-element-271332b elementor-widget elementor-widget-aux_text\" data-id=\"271332b\" data-element_type=\"widget\" data-widget_type=\"aux_text.default\">\n\t\t\t\t<div class=\"elementor-widget-container\">\n\t\t\t<section class=\"widget-container aux-widget-text aux-parent-aub1c16451\">        <div class=\"aux-widget-advanced-text aux-wrap-style-simple aux-ico-pos-left aux-text-left aux-text-resp- aux-text-color-dark aux-text-widget-bg-center  aux-text-padding-fix \" >\n        \n                            <div class=\"aux-text-widget-header \"  >\n                        <div class=\"aux-ico-box aux-ico-large aux-ico-shape-circle aux-ico-clear \">\n                                                            <span class=\"aux-ico auxicon-iphone-streamline\" > <\/span>\n                                                    <\/div>\n                <\/div>\n            \n            <div class=\"aux-text-inner aux-text-widget-content\">\n                                <h4 class=\"col-title\">T\u00c9L\u00c9PHONE :<\/h4>\n                                <div class=\"widget-content\">\n                                        <p>07 66 01 77 56<\/p><p>bonjour@lxiweb.fr<\/p>                <\/div>\n                            <\/div>\n        <\/div>\n                    <div class=\"aux-text-widget-footer\">\n                <div class=\"aux-border-shape-none \">\n                                <\/div>\n            <\/div>\n        \n<\/section><!-- widget-container -->\t\t<\/div>\n\t\t\t\t<\/div>\n\t\t\t\t\t<\/div>\n\t\t<\/div>\n\t\t\t\t<div class=\"aux-parallax-section elementor-column elementor-col-33 elementor-top-column elementor-element elementor-element-e60aa48 aux-appear-watch-animation aux-fade-in-right-1\" data-id=\"e60aa48\" data-element_type=\"column\">\n\t\t\t<div class=\"elementor-widget-wrap elementor-element-populated\">\n\t\t\t\t\t\t<div class=\"elementor-element elementor-element-7863d42 elementor-widget elementor-widget-aux_text\" data-id=\"7863d42\" data-element_type=\"widget\" data-widget_type=\"aux_text.default\">\n\t\t\t\t<div class=\"elementor-widget-container\">\n\t\t\t<section class=\"widget-container aux-widget-text aux-parent-au18d8586e\">        <div class=\"aux-widget-advanced-text aux-wrap-style-simple aux-ico-pos-left aux-text-left aux-text-resp- aux-text-color-dark aux-text-widget-bg-center  aux-text-padding-fix \" >\n        \n                            <div class=\"aux-text-widget-header \"  >\n                        <div class=\"aux-ico-box aux-ico-large aux-ico-shape-circle aux-ico-clear \">\n                                                            <span class=\"aux-ico auxicon-time\" > <\/span>\n                                                    <\/div>\n                <\/div>\n            \n            <div class=\"aux-text-inner aux-text-widget-content\">\n                                <h4 class=\"col-title\">HORAIRES :<\/h4>\n                                <div class=\"widget-content\">\n                                        <p>Mes heures seront les v\u00f4tres \ud83d\ude42 Je m'adapte \u00e0 vos deadlines<\/p>                <\/div>\n                            <\/div>\n        <\/div>\n                    <div class=\"aux-text-widget-footer\">\n                <div class=\"aux-border-shape-none \">\n                                <\/div>\n            <\/div>\n        \n<\/section><!-- widget-container -->\t\t<\/div>\n\t\t\t\t<\/div>\n\t\t\t\t\t<\/div>\n\t\t<\/div>\n\t\t\t\t\t<\/div>\n\t\t<\/section>\n\t\t\t\t<\/div>\n\t\t","protected":false},"excerpt":{"rendered":"<p>N&rsquo;h\u00e9sitez pas \u00e0 m&rsquo;\u00e9crire \u00a0 Si vous souhaitez en savoir plus sur mes services, mes projets ou mon parcours professionnel, je vous invite \u00e0 me contacter. Je serai ravie de r\u00e9pondre \u00e0 toutes vos questions et de vous fournir des informations suppl\u00e9mentaires. N&rsquo;h\u00e9sitez pas \u00e0 me contacter par e-mail ou par t\u00e9l\u00e9phone &#8211; j&rsquo;ai h\u00e2te [&hellip;]<\/p>\n","protected":false},"author":1,"featured_media":0,"parent":0,"menu_order":0,"comment_status":"closed","ping_status":"closed","template":"","meta":{"footnotes":""},"class_list":["post-97","page","type-page","status-publish","hentry"],"yoast_head":"<!-- This site is optimized with the Yoast SEO plugin v22.7 - https:\/\/yoast.com\/wordpress\/plugins\/seo\/ -->\n<title>Et si on se contactait ? - LXI Web - Alexia Rabelle<\/title>\n<meta name=\"robots\" content=\"index, follow, max-snippet:-1, max-image-preview:large, max-video-preview:-1\" \/>\n<link rel=\"canonical\" href=\"https:\/\/lxiweb.fr\/index.php\/contact-page\/\" \/>\n<meta property=\"og:locale\" content=\"fr_FR\" \/>\n<meta property=\"og:type\" content=\"article\" \/>\n<meta property=\"og:title\" content=\"Et si on se contactait ? - LXI Web - Alexia Rabelle\" \/>\n<meta property=\"og:description\" content=\"N&rsquo;h\u00e9sitez pas \u00e0 m&rsquo;\u00e9crire \u00a0 Si vous souhaitez en savoir plus sur mes services, mes projets ou mon parcours professionnel, je vous invite \u00e0 me contacter. Je serai ravie de r\u00e9pondre \u00e0 toutes vos questions et de vous fournir des informations suppl\u00e9mentaires. N&rsquo;h\u00e9sitez pas \u00e0 me contacter par e-mail ou par t\u00e9l\u00e9phone &#8211; j&rsquo;ai h\u00e2te [&hellip;]\" \/>\n<meta property=\"og:url\" content=\"https:\/\/lxiweb.fr\/index.php\/contact-page\/\" \/>\n<meta property=\"og:site_name\" content=\"LXI Web - Alexia Rabelle\" \/>\n<meta property=\"article:modified_time\" content=\"2023-08-22T17:47:25+00:00\" \/>\n<meta name=\"twitter:card\" content=\"summary_large_image\" \/>\n<meta name=\"twitter:label1\" content=\"Dur\u00e9e de lecture estim\u00e9e\" \/>\n\t<meta name=\"twitter:data1\" content=\"1 minute\" \/>\n<script type=\"application\/ld+json\" class=\"yoast-schema-graph\">{\"@context\":\"https:\/\/schema.org\",\"@graph\":[{\"@type\":\"WebPage\",\"@id\":\"https:\/\/lxiweb.fr\/index.php\/contact-page\/\",\"url\":\"https:\/\/lxiweb.fr\/index.php\/contact-page\/\",\"name\":\"Et si on se contactait ? - LXI Web - Alexia Rabelle\",\"isPartOf\":{\"@id\":\"https:\/\/lxiweb.fr\/#website\"},\"datePublished\":\"2018-08-10T06:09:51+00:00\",\"dateModified\":\"2023-08-22T17:47:25+00:00\",\"breadcrumb\":{\"@id\":\"https:\/\/lxiweb.fr\/index.php\/contact-page\/#breadcrumb\"},\"inLanguage\":\"fr-FR\",\"potentialAction\":[{\"@type\":\"ReadAction\",\"target\":[\"https:\/\/lxiweb.fr\/index.php\/contact-page\/\"]}]},{\"@type\":\"BreadcrumbList\",\"@id\":\"https:\/\/lxiweb.fr\/index.php\/contact-page\/#breadcrumb\",\"itemListElement\":[{\"@type\":\"ListItem\",\"position\":1,\"name\":\"Home\",\"item\":\"https:\/\/lxiweb.fr\/\"},{\"@type\":\"ListItem\",\"position\":2,\"name\":\"Et si on se contactait ?\"}]},{\"@type\":\"WebSite\",\"@id\":\"https:\/\/lxiweb.fr\/#website\",\"url\":\"https:\/\/lxiweb.fr\/\",\"name\":\"LXI Web - Alexia Rabelle\",\"description\":\"Le lien entre vous et le digital ! Administration &amp; Graphisme\",\"publisher\":{\"@id\":\"https:\/\/lxiweb.fr\/#\/schema\/person\/8674f0621aa48bf16be2c6ef66518f65\"},\"potentialAction\":[{\"@type\":\"SearchAction\",\"target\":{\"@type\":\"EntryPoint\",\"urlTemplate\":\"https:\/\/lxiweb.fr\/?s={search_term_string}\"},\"query-input\":\"required name=search_term_string\"}],\"inLanguage\":\"fr-FR\"},{\"@type\":[\"Person\",\"Organization\"],\"@id\":\"https:\/\/lxiweb.fr\/#\/schema\/person\/8674f0621aa48bf16be2c6ef66518f65\",\"name\":\"Alexia Rabelle\",\"image\":{\"@type\":\"ImageObject\",\"inLanguage\":\"fr-FR\",\"@id\":\"https:\/\/lxiweb.fr\/#\/schema\/person\/image\/\",\"url\":\"https:\/\/lxiweb.fr\/wp-content\/uploads\/2023\/04\/LOGO-LXI-150.png\",\"contentUrl\":\"https:\/\/lxiweb.fr\/wp-content\/uploads\/2023\/04\/LOGO-LXI-150.png\",\"width\":150,\"height\":75,\"caption\":\"Alexia Rabelle\"},\"logo\":{\"@id\":\"https:\/\/lxiweb.fr\/#\/schema\/person\/image\/\"},\"sameAs\":[\"http:\/\/lxiweb.fr\"]}]}<\/script>\n<!-- \/ Yoast SEO plugin. -->","yoast_head_json":{"title":"Et si on se contactait ? - LXI Web - Alexia Rabelle","robots":{"index":"index","follow":"follow","max-snippet":"max-snippet:-1","max-image-preview":"max-image-preview:large","max-video-preview":"max-video-preview:-1"},"canonical":"https:\/\/lxiweb.fr\/index.php\/contact-page\/","og_locale":"fr_FR","og_type":"article","og_title":"Et si on se contactait ? - LXI Web - Alexia Rabelle","og_description":"N&rsquo;h\u00e9sitez pas \u00e0 m&rsquo;\u00e9crire \u00a0 Si vous souhaitez en savoir plus sur mes services, mes projets ou mon parcours professionnel, je vous invite \u00e0 me contacter. Je serai ravie de r\u00e9pondre \u00e0 toutes vos questions et de vous fournir des informations suppl\u00e9mentaires. N&rsquo;h\u00e9sitez pas \u00e0 me contacter par e-mail ou par t\u00e9l\u00e9phone &#8211; j&rsquo;ai h\u00e2te [&hellip;]","og_url":"https:\/\/lxiweb.fr\/index.php\/contact-page\/","og_site_name":"LXI Web - Alexia Rabelle","article_modified_time":"2023-08-22T17:47:25+00:00","twitter_card":"summary_large_image","twitter_misc":{"Dur\u00e9e de lecture estim\u00e9e":"1 minute"},"schema":{"@context":"https:\/\/schema.org","@graph":[{"@type":"WebPage","@id":"https:\/\/lxiweb.fr\/index.php\/contact-page\/","url":"https:\/\/lxiweb.fr\/index.php\/contact-page\/","name":"Et si on se contactait ? - LXI Web - Alexia Rabelle","isPartOf":{"@id":"https:\/\/lxiweb.fr\/#website"},"datePublished":"2018-08-10T06:09:51+00:00","dateModified":"2023-08-22T17:47:25+00:00","breadcrumb":{"@id":"https:\/\/lxiweb.fr\/index.php\/contact-page\/#breadcrumb"},"inLanguage":"fr-FR","potentialAction":[{"@type":"ReadAction","target":["https:\/\/lxiweb.fr\/index.php\/contact-page\/"]}]},{"@type":"BreadcrumbList","@id":"https:\/\/lxiweb.fr\/index.php\/contact-page\/#breadcrumb","itemListElement":[{"@type":"ListItem","position":1,"name":"Home","item":"https:\/\/lxiweb.fr\/"},{"@type":"ListItem","position":2,"name":"Et si on se contactait ?"}]},{"@type":"WebSite","@id":"https:\/\/lxiweb.fr\/#website","url":"https:\/\/lxiweb.fr\/","name":"LXI Web - Alexia Rabelle","description":"Le lien entre vous et le digital ! Administration &amp; Graphisme","publisher":{"@id":"https:\/\/lxiweb.fr\/#\/schema\/person\/8674f0621aa48bf16be2c6ef66518f65"},"potentialAction":[{"@type":"SearchAction","target":{"@type":"EntryPoint","urlTemplate":"https:\/\/lxiweb.fr\/?s={search_term_string}"},"query-input":"required name=search_term_string"}],"inLanguage":"fr-FR"},{"@type":["Person","Organization"],"@id":"https:\/\/lxiweb.fr\/#\/schema\/person\/8674f0621aa48bf16be2c6ef66518f65","name":"Alexia Rabelle","image":{"@type":"ImageObject","inLanguage":"fr-FR","@id":"https:\/\/lxiweb.fr\/#\/schema\/person\/image\/","url":"https:\/\/lxiweb.fr\/wp-content\/uploads\/2023\/04\/LOGO-LXI-150.png","contentUrl":"https:\/\/lxiweb.fr\/wp-content\/uploads\/2023\/04\/LOGO-LXI-150.png","width":150,"height":75,"caption":"Alexia Rabelle"},"logo":{"@id":"https:\/\/lxiweb.fr\/#\/schema\/person\/image\/"},"sameAs":["http:\/\/lxiweb.fr"]}]}},"_links":{"self":[{"href":"https:\/\/lxiweb.fr\/index.php\/wp-json\/wp\/v2\/pages\/97","targetHints":{"allow":["GET"]}}],"collection":[{"href":"https:\/\/lxiweb.fr\/index.php\/wp-json\/wp\/v2\/pages"}],"about":[{"href":"https:\/\/lxiweb.fr\/index.php\/wp-json\/wp\/v2\/types\/page"}],"author":[{"embeddable":true,"href":"https:\/\/lxiweb.fr\/index.php\/wp-json\/wp\/v2\/users\/1"}],"replies":[{"embeddable":true,"href":"https:\/\/lxiweb.fr\/index.php\/wp-json\/wp\/v2\/comments?post=97"}],"version-history":[{"count":40,"href":"https:\/\/lxiweb.fr\/index.php\/wp-json\/wp\/v2\/pages\/97\/revisions"}],"predecessor-version":[{"id":284,"href":"https:\/\/lxiweb.fr\/index.php\/wp-json\/wp\/v2\/pages\/97\/revisions\/284"}],"wp:attachment":[{"href":"https:\/\/lxiweb.fr\/index.php\/wp-json\/wp\/v2\/media?parent=97"}],"curies":[{"name":"wp","href":"https:\/\/api.w.org\/{rel}","templated":true}]}}